{"id":5,"date":"2022-02-16T21:57:55","date_gmt":"2022-02-16T21:57:55","guid":{"rendered":"https:\/\/digasainox.com\/?page_id=5"},"modified":"2022-02-16T21:57:55","modified_gmt":"2022-02-16T21:57:55","slug":"sobre-nosotros","status":"publish","type":"page","link":"https:\/\/digasainox.com\/index.php\/sobre-nosotros\/","title":{"rendered":"Sobre nosotros"},"content":{"rendered":"\n<figure class=\"wp-block-gallery has-nested-images columns-default is-cropped\">\n<figure class=\"wp-block-image size-large\"><img loading=\"lazy\" width=\"973\" height=\"954\" data-id=\"7\"  src=\"https:\/\/digasainox.com\/wp-content\/uploads\/2022\/02\/IMG_8053-1.jpg\" alt=\"\" class=\"wp-image-7\" srcset=\"https:\/\/digasainox.com\/wp-content\/uploads\/2022\/02\/IMG_8053-1.jpg 973w, https:\/\/digasainox.com\/wp-content\/uploads\/2022\/02\/IMG_8053-1-300x294.jpg 300w, https:\/\/digasainox.com\/wp-content\/uploads\/2022\/02\/IMG_8053-1-768x753.jpg 768w\" sizes=\"(max-width: 973px) 100vw, 973px\" \/><\/figure>\n<\/figure>\n\n\n\n<p>Instalaci\u00f3n y fabricaci\u00f3n de equipos inoxidables para la industria alimenticia farmac\u00e9utica y decorativa<\/p>\n","protected":false},"excerpt":{"rendered":"<p>Instalaci\u00f3n y fabricaci\u00f3n de equipos inoxidables para la industria alimenticia farmac\u00e9utica y decorativa<\/p>\n","protected":false},"author":1,"featured_media":0,"parent":0,"menu_order":0,"comment_status":"closed","ping_status":"closed","template":"","meta":[],"_links":{"self":[{"href":"https:\/\/digasainox.com\/index.php\/wp-json\/wp\/v2\/pages\/5"}],"collection":[{"href":"https:\/\/digasainox.com\/index.php\/wp-json\/wp\/v2\/pages"}],"about":[{"href":"https:\/\/digasainox.com\/index.php\/wp-json\/wp\/v2\/types\/page"}],"author":[{"embeddable":true,"href":"https:\/\/digasainox.com\/index.php\/wp-json\/wp\/v2\/users\/1"}],"replies":[{"embeddable":true,"href":"https:\/\/digasainox.com\/index.php\/wp-json\/wp\/v2\/comments?post=5"}],"version-history":[{"count":1,"href":"https:\/\/digasainox.com\/index.php\/wp-json\/wp\/v2\/pages\/5\/revisions"}],"predecessor-version":[{"id":8,"href":"https:\/\/digasainox.com\/index.php\/wp-json\/wp\/v2\/pages\/5\/revisions\/8"}],"wp:attachment":[{"href":"https:\/\/digasainox.com\/index.php\/wp-json\/wp\/v2\/media?parent=5"}],"curies":[{"name":"wp","href":"https:\/\/api.w.org\/{rel}","templated":true}]}}